{"id":697,"date":"2022-02-21T11:14:34","date_gmt":"2022-02-21T08:14:34","guid":{"rendered":"http:\/\/gat.mono-d.de\/impressum\/"},"modified":"2022-03-02T20:07:46","modified_gmt":"2022-03-02T18:07:46","slug":"impressum","status":"publish","type":"page","link":"https:\/\/www.gat-industries.com\/fr\/impressum\/","title":{"rendered":"Imprimer"},"content":{"rendered":"<h2>Fournisseur<\/h2>\n\n\n<p>Gaertner Automobile Technology<br>8 rue des Industries<br>F-67690 Hatten<\/p>\n\n\n\n<p>T\u00e9l\u00e9phone : +33 (0) 3888 019 92<br>E-mail : gat@gat-industries.com<br>Internet : www.gat-industries.com<\/p>\n\n\n\n<p>Directeur g\u00e9n\u00e9ral : Martin G\u00e4rtner<\/p>\n\n\n\n<p>Responsable selon \u00a7 55 alin\u00e9a 2 RStV : Herr Martin G\u00e4rtner<\/p>\n","protected":false},"excerpt":{"rendered":"<p>Fournisseur Gaertner Automobile Technology8 rue des IndustriesF-67690 Hatten T\u00e9l\u00e9phone : +33 (0) 3888 019 92E-mail : gat@gat-industries.comInternet : www.gat-industries.com Directeur g\u00e9n\u00e9ral : Martin G\u00e4rtner Responsable selon \u00a7 55 alin\u00e9a 2 RStV : Herr Martin G\u00e4rtner<\/p>\n","protected":false},"author":1,"featured_media":0,"parent":0,"menu_order":0,"comment_status":"closed","ping_status":"closed","template":"text-page.php","meta":{"inline_featured_image":false,"footnotes":""},"class_list":["post-697","page","type-page","status-publish","hentry"],"acf":[],"yoast_head":"<!-- This site is optimized with the Yoast SEO plugin v25.0 - https:\/\/yoast.com\/wordpress\/plugins\/seo\/ -->\n<title>Imprimer - GAT<\/title>\n<meta name=\"robots\" content=\"index, follow, max-snippet:-1, max-image-preview:large, max-video-preview:-1\" \/>\n<link rel=\"canonical\" href=\"https:\/\/www.gat-industries.com\/fr\/impressum\/\" \/>\n<meta property=\"og:locale\" content=\"fr_FR\" \/>\n<meta property=\"og:type\" content=\"article\" \/>\n<meta property=\"og:title\" content=\"Imprimer - GAT\" \/>\n<meta property=\"og:description\" content=\"Fournisseur Gaertner Automobile Technology8 rue des IndustriesF-67690 Hatten T\u00e9l\u00e9phone : +33 (0) 3888 019 92E-mail : gat@gat-industries.comInternet : www.gat-industries.com Directeur g\u00e9n\u00e9ral : Martin G\u00e4rtner Responsable selon \u00a7 55 alin\u00e9a 2 RStV : Herr Martin G\u00e4rtner\" \/>\n<meta property=\"og:url\" content=\"https:\/\/www.gat-industries.com\/fr\/impressum\/\" \/>\n<meta property=\"og:site_name\" content=\"GAT\" \/>\n<meta property=\"article:modified_time\" content=\"2022-03-02T18:07:46+00:00\" \/>\n<meta name=\"twitter:card\" content=\"summary_large_image\" \/>\n<meta name=\"twitter:label1\" content=\"Dur\u00e9e de lecture estim\u00e9e\" \/>\n\t<meta name=\"twitter:data1\" content=\"1 minute\" \/>\n<script type=\"application\/ld+json\" class=\"yoast-schema-graph\">{\"@context\":\"https:\/\/schema.org\",\"@graph\":[{\"@type\":\"WebPage\",\"@id\":\"https:\/\/www.gat-industries.com\/fr\/impressum\/\",\"url\":\"https:\/\/www.gat-industries.com\/fr\/impressum\/\",\"name\":\"Imprimer - GAT\",\"isPartOf\":{\"@id\":\"https:\/\/www.gat-industries.com\/#website\"},\"datePublished\":\"2022-02-21T08:14:34+00:00\",\"dateModified\":\"2022-03-02T18:07:46+00:00\",\"breadcrumb\":{\"@id\":\"https:\/\/www.gat-industries.com\/fr\/impressum\/#breadcrumb\"},\"inLanguage\":\"fr-FR\",\"potentialAction\":[{\"@type\":\"ReadAction\",\"target\":[\"https:\/\/www.gat-industries.com\/fr\/impressum\/\"]}]},{\"@type\":\"BreadcrumbList\",\"@id\":\"https:\/\/www.gat-industries.com\/fr\/impressum\/#breadcrumb\",\"itemListElement\":[{\"@type\":\"ListItem\",\"position\":1,\"name\":\"Startseite\",\"item\":\"https:\/\/www.gat-industries.com\/fr\/\"},{\"@type\":\"ListItem\",\"position\":2,\"name\":\"Imprimer\"}]},{\"@type\":\"WebSite\",\"@id\":\"https:\/\/www.gat-industries.com\/#website\",\"url\":\"https:\/\/www.gat-industries.com\/\",\"name\":\"GAT\",\"description\":\"Gaertner Automobile Technology\",\"potentialAction\":[{\"@type\":\"SearchAction\",\"target\":{\"@type\":\"EntryPoint\",\"urlTemplate\":\"https:\/\/www.gat-industries.com\/?s={search_term_string}\"},\"query-input\":{\"@type\":\"PropertyValueSpecification\",\"valueRequired\":true,\"valueName\":\"search_term_string\"}}],\"inLanguage\":\"fr-FR\"}]}<\/script>\n<!-- \/ Yoast SEO plugin. -->","yoast_head_json":{"title":"Imprimer - GAT","robots":{"index":"index","follow":"follow","max-snippet":"max-snippet:-1","max-image-preview":"max-image-preview:large","max-video-preview":"max-video-preview:-1"},"canonical":"https:\/\/www.gat-industries.com\/fr\/impressum\/","og_locale":"fr_FR","og_type":"article","og_title":"Imprimer - GAT","og_description":"Fournisseur Gaertner Automobile Technology8 rue des IndustriesF-67690 Hatten T\u00e9l\u00e9phone : +33 (0) 3888 019 92E-mail : gat@gat-industries.comInternet : www.gat-industries.com Directeur g\u00e9n\u00e9ral : Martin G\u00e4rtner Responsable selon \u00a7 55 alin\u00e9a 2 RStV : Herr Martin G\u00e4rtner","og_url":"https:\/\/www.gat-industries.com\/fr\/impressum\/","og_site_name":"GAT","article_modified_time":"2022-03-02T18:07:46+00:00","twitter_card":"summary_large_image","twitter_misc":{"Dur\u00e9e de lecture estim\u00e9e":"1 minute"},"schema":{"@context":"https:\/\/schema.org","@graph":[{"@type":"WebPage","@id":"https:\/\/www.gat-industries.com\/fr\/impressum\/","url":"https:\/\/www.gat-industries.com\/fr\/impressum\/","name":"Imprimer - GAT","isPartOf":{"@id":"https:\/\/www.gat-industries.com\/#website"},"datePublished":"2022-02-21T08:14:34+00:00","dateModified":"2022-03-02T18:07:46+00:00","breadcrumb":{"@id":"https:\/\/www.gat-industries.com\/fr\/impressum\/#breadcrumb"},"inLanguage":"fr-FR","potentialAction":[{"@type":"ReadAction","target":["https:\/\/www.gat-industries.com\/fr\/impressum\/"]}]},{"@type":"BreadcrumbList","@id":"https:\/\/www.gat-industries.com\/fr\/impressum\/#breadcrumb","itemListElement":[{"@type":"ListItem","position":1,"name":"Startseite","item":"https:\/\/www.gat-industries.com\/fr\/"},{"@type":"ListItem","position":2,"name":"Imprimer"}]},{"@type":"WebSite","@id":"https:\/\/www.gat-industries.com\/#website","url":"https:\/\/www.gat-industries.com\/","name":"GAT","description":"Gaertner Automobile Technology","potentialAction":[{"@type":"SearchAction","target":{"@type":"EntryPoint","urlTemplate":"https:\/\/www.gat-industries.com\/?s={search_term_string}"},"query-input":{"@type":"PropertyValueSpecification","valueRequired":true,"valueName":"search_term_string"}}],"inLanguage":"fr-FR"}]}},"_links":{"self":[{"href":"https:\/\/www.gat-industries.com\/fr\/wp-json\/wp\/v2\/pages\/697","targetHints":{"allow":["GET"]}}],"collection":[{"href":"https:\/\/www.gat-industries.com\/fr\/wp-json\/wp\/v2\/pages"}],"about":[{"href":"https:\/\/www.gat-industries.com\/fr\/wp-json\/wp\/v2\/types\/page"}],"author":[{"embeddable":true,"href":"https:\/\/www.gat-industries.com\/fr\/wp-json\/wp\/v2\/users\/1"}],"replies":[{"embeddable":true,"href":"https:\/\/www.gat-industries.com\/fr\/wp-json\/wp\/v2\/comments?post=697"}],"version-history":[{"count":6,"href":"https:\/\/www.gat-industries.com\/fr\/wp-json\/wp\/v2\/pages\/697\/revisions"}],"predecessor-version":[{"id":1029,"href":"https:\/\/www.gat-industries.com\/fr\/wp-json\/wp\/v2\/pages\/697\/revisions\/1029"}],"wp:attachment":[{"href":"https:\/\/www.gat-industries.com\/fr\/wp-json\/wp\/v2\/media?parent=697"}],"curies":[{"name":"wp","href":"https:\/\/api.w.org\/{rel}","templated":true}]}}