{"id":691,"date":"2022-02-21T11:29:19","date_gmt":"2022-02-21T08:29:19","guid":{"rendered":"http:\/\/gat.mono-d.de\/datenschutzhinweis\/"},"modified":"2022-07-28T13:03:56","modified_gmt":"2022-07-28T11:03:56","slug":"mentions-legales","status":"publish","type":"page","link":"https:\/\/www.gat-industries.com\/fr\/mentions-legales\/","title":{"rendered":"Mentions l\u00e9gales"},"content":{"rendered":"<h2>Conditions generales de vente (CGV)<\/h2>\n\n\n<p><a href=\"\/downloads\/GAT-AGB-Conditions-generales-de-vente.pdf\" style=\"color: #e40038;\" download=\"file\">Conditions generales de vente<\/a> (PDF 182 KB)<\/p>\n\n\n<h2>Avertissement<\/h2>\n\n\n<p>Ce message et toutes les pi\u00e8ces jointes (ci-apr\u00e8s le \u00ab\u00a0message\u00a0\u00bb) peuvent contenir des Donn\u00e9es personnelles au sens de la loi n\u00b0 78-17 du 6 janvier 1978 modifi\u00e9e relative \u00e0 l&rsquo;informatique, aux fichiers et aux libert\u00e9s ainsi qu&rsquo;aux dispositions du R\u00e8glement G\u00e9n\u00e9ral sur la Protection des Donn\u00e9es (RGPD) n\u00b0 2016\/679 (UE) du 27 avril 2016 entr\u00e9es en application le 25 mai 2018. Ce message est \u00e9tabli \u00e0 l&rsquo;intention exclusive de ses destinataires et demeure strictement confidentiel. Si vous recevez ce message par erreur, merci de le d\u00e9truire et d&rsquo;en avertir imm\u00e9diatement l&rsquo;exp\u00e9diteur. Toute modification, \u00e9dition, utilisation, diffusion ou publication totale ou partielle non autoris\u00e9e est interdite. Internet ne permettant pas d&rsquo;assurer l&rsquo;int\u00e9grit\u00e9 de la messagerie \u00e9lectronique, la soci\u00e9t\u00e9 GAERTNER AUTOMOBILE TECHNOLOGY d\u00e9cline toute responsabilit\u00e9 au titre de ce message, s&rsquo;il a \u00e9t\u00e9 alt\u00e9r\u00e9, d\u00e9form\u00e9, falsifi\u00e9 ou encore \u00e9dit\u00e9 ou diffus\u00e9 sans autorisation.<\/p>\n\n\n<h2>Cookies<\/h2>\n\n\n<p>Gaertner Automobile Technology site Internet utilise uniquement des cookies essentiels qui ne stockent aucune information personnellement identifiable et sont n\u00e9cessaires au fonctionnement des versions linguistiques et ne peuvent pas \u00eatre d\u00e9sactiv\u00e9s dans nos syst\u00e8mes. Vous pouvez configurer votre navigateur pour bloquer ou vous alerter sur les Cookies, mais cela peut affecter le fonctionnement du site Internet.<\/p>\n","protected":false},"excerpt":{"rendered":"<p>Conditions generales de vente (CGV) Conditions generales de vente (PDF 182 KB) Avertissement Ce message et toutes les pi\u00e8ces jointes (ci-apr\u00e8s le \u00ab\u00a0message\u00a0\u00bb) peuvent contenir des Donn\u00e9es personnelles au sens de la loi n\u00b0 78-17 du 6 janvier 1978 modifi\u00e9e relative \u00e0 l&rsquo;informatique, aux fichiers et aux libert\u00e9s ainsi qu&rsquo;aux dispositions du R\u00e8glement G\u00e9n\u00e9ral sur [&hellip;]<\/p>\n","protected":false},"author":1,"featured_media":0,"parent":0,"menu_order":0,"comment_status":"closed","ping_status":"closed","template":"text-page.php","meta":{"inline_featured_image":false,"footnotes":""},"class_list":["post-691","page","type-page","status-publish","hentry"],"acf":[],"yoast_head":"<!-- This site is optimized with the Yoast SEO plugin v25.0 - https:\/\/yoast.com\/wordpress\/plugins\/seo\/ -->\n<title>Mentions l\u00e9gales - GAT<\/title>\n<meta name=\"robots\" content=\"index, follow, max-snippet:-1, max-image-preview:large, max-video-preview:-1\" \/>\n<link rel=\"canonical\" href=\"https:\/\/www.gat-industries.com\/fr\/mentions-legales\/\" \/>\n<meta property=\"og:locale\" content=\"fr_FR\" \/>\n<meta property=\"og:type\" content=\"article\" \/>\n<meta property=\"og:title\" content=\"Mentions l\u00e9gales - GAT\" \/>\n<meta property=\"og:description\" content=\"Conditions generales de vente (CGV) Conditions generales de vente (PDF 182 KB) Avertissement Ce message et toutes les pi\u00e8ces jointes (ci-apr\u00e8s le \u00ab\u00a0message\u00a0\u00bb) peuvent contenir des Donn\u00e9es personnelles au sens de la loi n\u00b0 78-17 du 6 janvier 1978 modifi\u00e9e relative \u00e0 l&rsquo;informatique, aux fichiers et aux libert\u00e9s ainsi qu&rsquo;aux dispositions du R\u00e8glement G\u00e9n\u00e9ral sur [&hellip;]\" \/>\n<meta property=\"og:url\" content=\"https:\/\/www.gat-industries.com\/fr\/mentions-legales\/\" \/>\n<meta property=\"og:site_name\" content=\"GAT\" \/>\n<meta property=\"article:modified_time\" content=\"2022-07-28T11:03:56+00:00\" \/>\n<meta name=\"twitter:card\" content=\"summary_large_image\" \/>\n<meta name=\"twitter:label1\" content=\"Dur\u00e9e de lecture estim\u00e9e\" \/>\n\t<meta name=\"twitter:data1\" content=\"2 minutes\" \/>\n<script type=\"application\/ld+json\" class=\"yoast-schema-graph\">{\"@context\":\"https:\/\/schema.org\",\"@graph\":[{\"@type\":\"WebPage\",\"@id\":\"https:\/\/www.gat-industries.com\/fr\/mentions-legales\/\",\"url\":\"https:\/\/www.gat-industries.com\/fr\/mentions-legales\/\",\"name\":\"Mentions l\u00e9gales - GAT\",\"isPartOf\":{\"@id\":\"https:\/\/www.gat-industries.com\/#website\"},\"datePublished\":\"2022-02-21T08:29:19+00:00\",\"dateModified\":\"2022-07-28T11:03:56+00:00\",\"breadcrumb\":{\"@id\":\"https:\/\/www.gat-industries.com\/fr\/mentions-legales\/#breadcrumb\"},\"inLanguage\":\"fr-FR\",\"potentialAction\":[{\"@type\":\"ReadAction\",\"target\":[\"https:\/\/www.gat-industries.com\/fr\/mentions-legales\/\"]}]},{\"@type\":\"BreadcrumbList\",\"@id\":\"https:\/\/www.gat-industries.com\/fr\/mentions-legales\/#breadcrumb\",\"itemListElement\":[{\"@type\":\"ListItem\",\"position\":1,\"name\":\"Startseite\",\"item\":\"https:\/\/www.gat-industries.com\/fr\/\"},{\"@type\":\"ListItem\",\"position\":2,\"name\":\"Mentions l\u00e9gales\"}]},{\"@type\":\"WebSite\",\"@id\":\"https:\/\/www.gat-industries.com\/#website\",\"url\":\"https:\/\/www.gat-industries.com\/\",\"name\":\"GAT\",\"description\":\"Gaertner Automobile Technology\",\"potentialAction\":[{\"@type\":\"SearchAction\",\"target\":{\"@type\":\"EntryPoint\",\"urlTemplate\":\"https:\/\/www.gat-industries.com\/?s={search_term_string}\"},\"query-input\":{\"@type\":\"PropertyValueSpecification\",\"valueRequired\":true,\"valueName\":\"search_term_string\"}}],\"inLanguage\":\"fr-FR\"}]}<\/script>\n<!-- \/ Yoast SEO plugin. -->","yoast_head_json":{"title":"Mentions l\u00e9gales - GAT","robots":{"index":"index","follow":"follow","max-snippet":"max-snippet:-1","max-image-preview":"max-image-preview:large","max-video-preview":"max-video-preview:-1"},"canonical":"https:\/\/www.gat-industries.com\/fr\/mentions-legales\/","og_locale":"fr_FR","og_type":"article","og_title":"Mentions l\u00e9gales - GAT","og_description":"Conditions generales de vente (CGV) Conditions generales de vente (PDF 182 KB) Avertissement Ce message et toutes les pi\u00e8ces jointes (ci-apr\u00e8s le \u00ab\u00a0message\u00a0\u00bb) peuvent contenir des Donn\u00e9es personnelles au sens de la loi n\u00b0 78-17 du 6 janvier 1978 modifi\u00e9e relative \u00e0 l&rsquo;informatique, aux fichiers et aux libert\u00e9s ainsi qu&rsquo;aux dispositions du R\u00e8glement G\u00e9n\u00e9ral sur [&hellip;]","og_url":"https:\/\/www.gat-industries.com\/fr\/mentions-legales\/","og_site_name":"GAT","article_modified_time":"2022-07-28T11:03:56+00:00","twitter_card":"summary_large_image","twitter_misc":{"Dur\u00e9e de lecture estim\u00e9e":"2 minutes"},"schema":{"@context":"https:\/\/schema.org","@graph":[{"@type":"WebPage","@id":"https:\/\/www.gat-industries.com\/fr\/mentions-legales\/","url":"https:\/\/www.gat-industries.com\/fr\/mentions-legales\/","name":"Mentions l\u00e9gales - GAT","isPartOf":{"@id":"https:\/\/www.gat-industries.com\/#website"},"datePublished":"2022-02-21T08:29:19+00:00","dateModified":"2022-07-28T11:03:56+00:00","breadcrumb":{"@id":"https:\/\/www.gat-industries.com\/fr\/mentions-legales\/#breadcrumb"},"inLanguage":"fr-FR","potentialAction":[{"@type":"ReadAction","target":["https:\/\/www.gat-industries.com\/fr\/mentions-legales\/"]}]},{"@type":"BreadcrumbList","@id":"https:\/\/www.gat-industries.com\/fr\/mentions-legales\/#breadcrumb","itemListElement":[{"@type":"ListItem","position":1,"name":"Startseite","item":"https:\/\/www.gat-industries.com\/fr\/"},{"@type":"ListItem","position":2,"name":"Mentions l\u00e9gales"}]},{"@type":"WebSite","@id":"https:\/\/www.gat-industries.com\/#website","url":"https:\/\/www.gat-industries.com\/","name":"GAT","description":"Gaertner Automobile Technology","potentialAction":[{"@type":"SearchAction","target":{"@type":"EntryPoint","urlTemplate":"https:\/\/www.gat-industries.com\/?s={search_term_string}"},"query-input":{"@type":"PropertyValueSpecification","valueRequired":true,"valueName":"search_term_string"}}],"inLanguage":"fr-FR"}]}},"_links":{"self":[{"href":"https:\/\/www.gat-industries.com\/fr\/wp-json\/wp\/v2\/pages\/691","targetHints":{"allow":["GET"]}}],"collection":[{"href":"https:\/\/www.gat-industries.com\/fr\/wp-json\/wp\/v2\/pages"}],"about":[{"href":"https:\/\/www.gat-industries.com\/fr\/wp-json\/wp\/v2\/types\/page"}],"author":[{"embeddable":true,"href":"https:\/\/www.gat-industries.com\/fr\/wp-json\/wp\/v2\/users\/1"}],"replies":[{"embeddable":true,"href":"https:\/\/www.gat-industries.com\/fr\/wp-json\/wp\/v2\/comments?post=691"}],"version-history":[{"count":8,"href":"https:\/\/www.gat-industries.com\/fr\/wp-json\/wp\/v2\/pages\/691\/revisions"}],"predecessor-version":[{"id":1083,"href":"https:\/\/www.gat-industries.com\/fr\/wp-json\/wp\/v2\/pages\/691\/revisions\/1083"}],"wp:attachment":[{"href":"https:\/\/www.gat-industries.com\/fr\/wp-json\/wp\/v2\/media?parent=691"}],"curies":[{"name":"wp","href":"https:\/\/api.w.org\/{rel}","templated":true}]}}