{"id":615,"date":"2022-02-15T15:47:36","date_gmt":"2022-02-15T12:47:36","guid":{"rendered":"http:\/\/gat.mono-d.de\/arbeiten-bei-gat-industries\/"},"modified":"2022-07-28T12:04:20","modified_gmt":"2022-07-28T10:04:20","slug":"karriere","status":"publish","type":"page","link":"https:\/\/www.gat-industries.com\/fr\/karriere\/","title":{"rendered":"Travailler chez GAT Industries"},"content":{"rendered":"\n<p>Nous sommes une entreprise familiale tr\u00e8s sp\u00e9cialis\u00e9e, qui offre \u00e0 ses collaborateurs un environnement ultramoderne, bas\u00e9 sur la confiance. Dans une organisation en 3 postes, nous fabriquons une large gamme de pi\u00e8ces sur des centres d\u2019usinage CNC ultramodernes de derni\u00e8re g\u00e9n\u00e9ration. Le niveau d\u2019automatisation va jusqu\u2019au placement par robot sans op\u00e9rateur. Pour le haut niveau de qualit\u00e9 que nous livrons et pour notre grande exp\u00e9rience dans la fabrication de pi\u00e8ces uniques, quasi-in\u00e9gal\u00e9s, nous sommes appr\u00e9ci\u00e9s des clients dans le monde entier.<\/p>\n\n\n\n<p>Un esprit d\u2019\u00e9quipe, d\u2019int\u00e9grit\u00e9 et d\u2019\u00e9galit\u00e9 font notre force. Nous avons une grande confiance dans les comp\u00e9tences de nos collaboratrices et collaborateurs.<\/p>\n\n\n\n<p>Nos portes sont toujours ouvertes pour les personnes soucieuses d\u2019assurer la qualit\u00e9, de s\u2019investir et de travailler en \u00e9quipe afin que nous devenions encore meilleurs. La coll\u00e9gialit\u00e9 est importante, la flexibilit\u00e9 et la cr\u00e9ativit\u00e9 \u00e9galement. Savoir s\u2019adapter \u00e0 toutes circonstances est notre priorit\u00e9.<\/p>\n","protected":false},"excerpt":{"rendered":"<p>Nous sommes une entreprise familiale tr\u00e8s sp\u00e9cialis\u00e9e, qui offre \u00e0 ses collaborateurs un environnement ultramoderne, bas\u00e9 sur la confiance. Dans une organisation en 3 postes, nous fabriquons une large gamme de pi\u00e8ces sur des centres d\u2019usinage CNC ultramodernes de derni\u00e8re g\u00e9n\u00e9ration. Le niveau d\u2019automatisation va jusqu\u2019au placement par robot sans op\u00e9rateur. Pour le haut niveau [&hellip;]<\/p>\n","protected":false},"author":1,"featured_media":783,"parent":0,"menu_order":2,"comment_status":"closed","ping_status":"closed","template":"","meta":{"inline_featured_image":false,"footnotes":""},"class_list":["post-615","page","type-page","status-publish","has-post-thumbnail","hentry"],"acf":[],"yoast_head":"<!-- This site is optimized with the Yoast SEO plugin v25.0 - https:\/\/yoast.com\/wordpress\/plugins\/seo\/ -->\n<title>Travailler chez GAT Industries - GAT<\/title>\n<meta name=\"robots\" content=\"index, follow, max-snippet:-1, max-image-preview:large, max-video-preview:-1\" \/>\n<link rel=\"canonical\" href=\"https:\/\/www.gat-industries.com\/fr\/karriere\/\" \/>\n<meta property=\"og:locale\" content=\"fr_FR\" \/>\n<meta property=\"og:type\" content=\"article\" \/>\n<meta property=\"og:title\" content=\"Travailler chez GAT Industries - GAT\" \/>\n<meta property=\"og:description\" content=\"Nous sommes une entreprise familiale tr\u00e8s sp\u00e9cialis\u00e9e, qui offre \u00e0 ses collaborateurs un environnement ultramoderne, bas\u00e9 sur la confiance. Dans une organisation en 3 postes, nous fabriquons une large gamme de pi\u00e8ces sur des centres d\u2019usinage CNC ultramodernes de derni\u00e8re g\u00e9n\u00e9ration. Le niveau d\u2019automatisation va jusqu\u2019au placement par robot sans op\u00e9rateur. Pour le haut niveau [&hellip;]\" \/>\n<meta property=\"og:url\" content=\"https:\/\/www.gat-industries.com\/fr\/karriere\/\" \/>\n<meta property=\"og:site_name\" content=\"GAT\" \/>\n<meta property=\"article:modified_time\" content=\"2022-07-28T10:04:20+00:00\" \/>\n<meta property=\"og:image\" content=\"https:\/\/www.gat-industries.com\/downloads\/Gruppenbild_Unterseite.jpg\" \/>\n\t<meta property=\"og:image:width\" content=\"600\" \/>\n\t<meta property=\"og:image:height\" content=\"406\" \/>\n\t<meta property=\"og:image:type\" content=\"image\/jpeg\" \/>\n<meta name=\"twitter:card\" content=\"summary_large_image\" \/>\n<meta name=\"twitter:label1\" content=\"Dur\u00e9e de lecture estim\u00e9e\" \/>\n\t<meta name=\"twitter:data1\" content=\"1 minute\" \/>\n<script type=\"application\/ld+json\" class=\"yoast-schema-graph\">{\"@context\":\"https:\/\/schema.org\",\"@graph\":[{\"@type\":\"WebPage\",\"@id\":\"https:\/\/www.gat-industries.com\/fr\/karriere\/\",\"url\":\"https:\/\/www.gat-industries.com\/fr\/karriere\/\",\"name\":\"Travailler chez GAT Industries - GAT\",\"isPartOf\":{\"@id\":\"https:\/\/www.gat-industries.com\/#website\"},\"primaryImageOfPage\":{\"@id\":\"https:\/\/www.gat-industries.com\/fr\/karriere\/#primaryimage\"},\"image\":{\"@id\":\"https:\/\/www.gat-industries.com\/fr\/karriere\/#primaryimage\"},\"thumbnailUrl\":\"https:\/\/www.gat-industries.com\/downloads\/Gruppenbild_Unterseite.jpg\",\"datePublished\":\"2022-02-15T12:47:36+00:00\",\"dateModified\":\"2022-07-28T10:04:20+00:00\",\"breadcrumb\":{\"@id\":\"https:\/\/www.gat-industries.com\/fr\/karriere\/#breadcrumb\"},\"inLanguage\":\"fr-FR\",\"potentialAction\":[{\"@type\":\"ReadAction\",\"target\":[\"https:\/\/www.gat-industries.com\/fr\/karriere\/\"]}]},{\"@type\":\"ImageObject\",\"inLanguage\":\"fr-FR\",\"@id\":\"https:\/\/www.gat-industries.com\/fr\/karriere\/#primaryimage\",\"url\":\"https:\/\/www.gat-industries.com\/downloads\/Gruppenbild_Unterseite.jpg\",\"contentUrl\":\"https:\/\/www.gat-industries.com\/downloads\/Gruppenbild_Unterseite.jpg\",\"width\":600,\"height\":406},{\"@type\":\"BreadcrumbList\",\"@id\":\"https:\/\/www.gat-industries.com\/fr\/karriere\/#breadcrumb\",\"itemListElement\":[{\"@type\":\"ListItem\",\"position\":1,\"name\":\"Startseite\",\"item\":\"https:\/\/www.gat-industries.com\/fr\/\"},{\"@type\":\"ListItem\",\"position\":2,\"name\":\"Travailler chez GAT Industries\"}]},{\"@type\":\"WebSite\",\"@id\":\"https:\/\/www.gat-industries.com\/#website\",\"url\":\"https:\/\/www.gat-industries.com\/\",\"name\":\"GAT\",\"description\":\"Gaertner Automobile Technology\",\"potentialAction\":[{\"@type\":\"SearchAction\",\"target\":{\"@type\":\"EntryPoint\",\"urlTemplate\":\"https:\/\/www.gat-industries.com\/?s={search_term_string}\"},\"query-input\":{\"@type\":\"PropertyValueSpecification\",\"valueRequired\":true,\"valueName\":\"search_term_string\"}}],\"inLanguage\":\"fr-FR\"}]}<\/script>\n<!-- \/ Yoast SEO plugin. -->","yoast_head_json":{"title":"Travailler chez GAT Industries - GAT","robots":{"index":"index","follow":"follow","max-snippet":"max-snippet:-1","max-image-preview":"max-image-preview:large","max-video-preview":"max-video-preview:-1"},"canonical":"https:\/\/www.gat-industries.com\/fr\/karriere\/","og_locale":"fr_FR","og_type":"article","og_title":"Travailler chez GAT Industries - GAT","og_description":"Nous sommes une entreprise familiale tr\u00e8s sp\u00e9cialis\u00e9e, qui offre \u00e0 ses collaborateurs un environnement ultramoderne, bas\u00e9 sur la confiance. Dans une organisation en 3 postes, nous fabriquons une large gamme de pi\u00e8ces sur des centres d\u2019usinage CNC ultramodernes de derni\u00e8re g\u00e9n\u00e9ration. Le niveau d\u2019automatisation va jusqu\u2019au placement par robot sans op\u00e9rateur. Pour le haut niveau [&hellip;]","og_url":"https:\/\/www.gat-industries.com\/fr\/karriere\/","og_site_name":"GAT","article_modified_time":"2022-07-28T10:04:20+00:00","og_image":[{"width":600,"height":406,"url":"https:\/\/www.gat-industries.com\/downloads\/Gruppenbild_Unterseite.jpg","type":"image\/jpeg"}],"twitter_card":"summary_large_image","twitter_misc":{"Dur\u00e9e de lecture estim\u00e9e":"1 minute"},"schema":{"@context":"https:\/\/schema.org","@graph":[{"@type":"WebPage","@id":"https:\/\/www.gat-industries.com\/fr\/karriere\/","url":"https:\/\/www.gat-industries.com\/fr\/karriere\/","name":"Travailler chez GAT Industries - GAT","isPartOf":{"@id":"https:\/\/www.gat-industries.com\/#website"},"primaryImageOfPage":{"@id":"https:\/\/www.gat-industries.com\/fr\/karriere\/#primaryimage"},"image":{"@id":"https:\/\/www.gat-industries.com\/fr\/karriere\/#primaryimage"},"thumbnailUrl":"https:\/\/www.gat-industries.com\/downloads\/Gruppenbild_Unterseite.jpg","datePublished":"2022-02-15T12:47:36+00:00","dateModified":"2022-07-28T10:04:20+00:00","breadcrumb":{"@id":"https:\/\/www.gat-industries.com\/fr\/karriere\/#breadcrumb"},"inLanguage":"fr-FR","potentialAction":[{"@type":"ReadAction","target":["https:\/\/www.gat-industries.com\/fr\/karriere\/"]}]},{"@type":"ImageObject","inLanguage":"fr-FR","@id":"https:\/\/www.gat-industries.com\/fr\/karriere\/#primaryimage","url":"https:\/\/www.gat-industries.com\/downloads\/Gruppenbild_Unterseite.jpg","contentUrl":"https:\/\/www.gat-industries.com\/downloads\/Gruppenbild_Unterseite.jpg","width":600,"height":406},{"@type":"BreadcrumbList","@id":"https:\/\/www.gat-industries.com\/fr\/karriere\/#breadcrumb","itemListElement":[{"@type":"ListItem","position":1,"name":"Startseite","item":"https:\/\/www.gat-industries.com\/fr\/"},{"@type":"ListItem","position":2,"name":"Travailler chez GAT Industries"}]},{"@type":"WebSite","@id":"https:\/\/www.gat-industries.com\/#website","url":"https:\/\/www.gat-industries.com\/","name":"GAT","description":"Gaertner Automobile Technology","potentialAction":[{"@type":"SearchAction","target":{"@type":"EntryPoint","urlTemplate":"https:\/\/www.gat-industries.com\/?s={search_term_string}"},"query-input":{"@type":"PropertyValueSpecification","valueRequired":true,"valueName":"search_term_string"}}],"inLanguage":"fr-FR"}]}},"_links":{"self":[{"href":"https:\/\/www.gat-industries.com\/fr\/wp-json\/wp\/v2\/pages\/615","targetHints":{"allow":["GET"]}}],"collection":[{"href":"https:\/\/www.gat-industries.com\/fr\/wp-json\/wp\/v2\/pages"}],"about":[{"href":"https:\/\/www.gat-industries.com\/fr\/wp-json\/wp\/v2\/types\/page"}],"author":[{"embeddable":true,"href":"https:\/\/www.gat-industries.com\/fr\/wp-json\/wp\/v2\/users\/1"}],"replies":[{"embeddable":true,"href":"https:\/\/www.gat-industries.com\/fr\/wp-json\/wp\/v2\/comments?post=615"}],"version-history":[{"count":15,"href":"https:\/\/www.gat-industries.com\/fr\/wp-json\/wp\/v2\/pages\/615\/revisions"}],"predecessor-version":[{"id":1076,"href":"https:\/\/www.gat-industries.com\/fr\/wp-json\/wp\/v2\/pages\/615\/revisions\/1076"}],"wp:featuredmedia":[{"embeddable":true,"href":"https:\/\/www.gat-industries.com\/fr\/wp-json\/wp\/v2\/media\/783"}],"wp:attachment":[{"href":"https:\/\/www.gat-industries.com\/fr\/wp-json\/wp\/v2\/media?parent=615"}],"curies":[{"name":"wp","href":"https:\/\/api.w.org\/{rel}","templated":true}]}}