{"id":534,"date":"2022-02-15T10:33:42","date_gmt":"2022-02-15T08:33:42","guid":{"rendered":"http:\/\/gat.mono-d.de\/hauptseite\/"},"modified":"2026-02-24T16:01:56","modified_gmt":"2026-02-24T14:01:56","slug":"gaertner-automobile-technologie","status":"publish","type":"page","link":"https:\/\/www.gat-industries.com\/fr\/","title":{"rendered":"Sous-traitance depuis 2 d\u00e9cennies"},"content":{"rendered":"\n<p>Depuis plus de 20 ans, GAT Gaertner Automobile Technology fabrique des pi\u00e8ces complexes, destin\u00e9es \u00e0 l\u2019industrie, aux technologies de s\u00e9curit\u00e9 et au sport automobile. Gr\u00e2ce \u00e0 un excellent niveau de qualit\u00e9 et \u00e0 la rapidit\u00e9 de r\u00e9ponse que nous garantissons \u00e0 nos clients, nous sommes devenus, au fil des ann\u00e9es, un partenaire et un fournisseur fiable et estim\u00e9 dans la branche. Une \u00e9quipe bien rod\u00e9e, \u00e0 hi\u00e9rarchie horizontale, ainsi que des collaboratrices et collaborateurs comp\u00e9tents et exp\u00e9riment\u00e9s assurent une gestion simple et rapide des commandes. Le m\u00eame objectif nous unit chaque jour. Satisfaire et rendre heureux les clients. Que vous pr\u00e9pariez des donn\u00e9es de CAO ou veniez chez nous avec une id\u00e9e en t\u00eate : nous sommes pr\u00e9par\u00e9s \u00e0 toute \u00e9ventualit\u00e9 pour fabriquer vos pi\u00e8ces de pr\u00e9cision en respectant les d\u00e9lais de livraison ou pour lancer votre concept. <\/p>\n\n\n\n<p>Les meilleurs exemples de notre inventivit\u00e9, notre capacit\u00e9 d\u2019innovation et nos multiples comp\u00e9tences se refl\u00e8tent dans nos d\u00e9veloppements, surtout dans le domaine du sport automobile, des prototypes et des pi\u00e8ces sp\u00e9ciales. <\/p>\n\n\n\n<p>Nous avons suscit\u00e9 votre int\u00e9r\u00eat ? Alors n\u2019h\u00e9sitez pas \u00e0 nous contacter ou \u00e0 nous rendre visite pour faire personnellement notre connaissance.<\/p>\n","protected":false},"excerpt":{"rendered":"<p>Depuis plus de 20 ans, GAT Gaertner Automobile Technology fabrique des pi\u00e8ces complexes, destin\u00e9es \u00e0 l\u2019industrie, aux technologies de s\u00e9curit\u00e9 et au sport automobile. Gr\u00e2ce \u00e0 un excellent niveau de qualit\u00e9 et \u00e0 la rapidit\u00e9 de r\u00e9ponse que nous garantissons \u00e0 nos clients, nous sommes devenus, au fil des ann\u00e9es, un partenaire et un fournisseur [&hellip;]<\/p>\n","protected":false},"author":1,"featured_media":0,"parent":0,"menu_order":1,"comment_status":"closed","ping_status":"closed","template":"index.php","meta":{"inline_featured_image":false,"footnotes":""},"class_list":["post-534","page","type-page","status-publish","hentry"],"acf":[],"yoast_head":"<!-- This site is optimized with the Yoast SEO plugin v25.0 - https:\/\/yoast.com\/wordpress\/plugins\/seo\/ -->\n<title>GAT - pi\u00e8ces tourn\u00e9es et frais\u00e9es, prototypes et composants sp\u00e9ciaux<\/title>\n<meta name=\"description\" content=\"GAT est expert en petites s\u00e9ries (1 \u00e0 5000 pi\u00e8ces par lot), prototypes et composants sp\u00e9ciaux. De nombreuses ann\u00e9es d&#039;exp\u00e9rience dans la fabrication de pi\u00e8ces tourn\u00e9es et frais\u00e9es et notre syst\u00e8me de gestion certifi\u00e9 garantissent la qualit\u00e9 \u00e9lev\u00e9e et constante de nos produits.\" \/>\n<meta name=\"robots\" content=\"index, follow, max-snippet:-1, max-image-preview:large, max-video-preview:-1\" \/>\n<link rel=\"canonical\" href=\"https:\/\/www.gat-industries.com\/fr\/\" \/>\n<meta property=\"og:locale\" content=\"fr_FR\" \/>\n<meta property=\"og:type\" content=\"article\" \/>\n<meta property=\"og:title\" content=\"GAT - pi\u00e8ces tourn\u00e9es et frais\u00e9es, prototypes et composants sp\u00e9ciaux\" \/>\n<meta property=\"og:description\" content=\"GAT est expert en petites s\u00e9ries (1 \u00e0 5000 pi\u00e8ces par lot), prototypes et composants sp\u00e9ciaux. De nombreuses ann\u00e9es d&#039;exp\u00e9rience dans la fabrication de pi\u00e8ces tourn\u00e9es et frais\u00e9es et notre syst\u00e8me de gestion certifi\u00e9 garantissent la qualit\u00e9 \u00e9lev\u00e9e et constante de nos produits.\" \/>\n<meta property=\"og:url\" content=\"https:\/\/www.gat-industries.com\/fr\/\" \/>\n<meta property=\"og:site_name\" content=\"GAT\" \/>\n<meta property=\"article:modified_time\" content=\"2026-02-24T14:01:56+00:00\" \/>\n<meta name=\"twitter:card\" content=\"summary_large_image\" \/>\n<meta name=\"twitter:label1\" content=\"Dur\u00e9e de lecture estim\u00e9e\" \/>\n\t<meta name=\"twitter:data1\" content=\"2 minutes\" \/>\n<script type=\"application\/ld+json\" class=\"yoast-schema-graph\">{\"@context\":\"https:\/\/schema.org\",\"@graph\":[{\"@type\":\"WebPage\",\"@id\":\"https:\/\/www.gat-industries.com\/fr\/\",\"url\":\"https:\/\/www.gat-industries.com\/fr\/\",\"name\":\"GAT - pi\u00e8ces tourn\u00e9es et frais\u00e9es, prototypes et composants sp\u00e9ciaux\",\"isPartOf\":{\"@id\":\"https:\/\/www.gat-industries.com\/#website\"},\"datePublished\":\"2022-02-15T08:33:42+00:00\",\"dateModified\":\"2026-02-24T14:01:56+00:00\",\"description\":\"GAT est expert en petites s\u00e9ries (1 \u00e0 5000 pi\u00e8ces par lot), prototypes et composants sp\u00e9ciaux. De nombreuses ann\u00e9es d'exp\u00e9rience dans la fabrication de pi\u00e8ces tourn\u00e9es et frais\u00e9es et notre syst\u00e8me de gestion certifi\u00e9 garantissent la qualit\u00e9 \u00e9lev\u00e9e et constante de nos produits.\",\"breadcrumb\":{\"@id\":\"https:\/\/www.gat-industries.com\/fr\/#breadcrumb\"},\"inLanguage\":\"fr-FR\",\"potentialAction\":[{\"@type\":\"ReadAction\",\"target\":[\"https:\/\/www.gat-industries.com\/fr\/\"]}]},{\"@type\":\"BreadcrumbList\",\"@id\":\"https:\/\/www.gat-industries.com\/fr\/#breadcrumb\",\"itemListElement\":[{\"@type\":\"ListItem\",\"position\":1,\"name\":\"Startseite\",\"item\":\"https:\/\/www.gat-industries.com\/fr\/\"},{\"@type\":\"ListItem\",\"position\":2,\"name\":\"Sous-traitance depuis 2 d\u00e9cennies\"}]},{\"@type\":\"WebSite\",\"@id\":\"https:\/\/www.gat-industries.com\/#website\",\"url\":\"https:\/\/www.gat-industries.com\/\",\"name\":\"GAT\",\"description\":\"Gaertner Automobile Technology\",\"potentialAction\":[{\"@type\":\"SearchAction\",\"target\":{\"@type\":\"EntryPoint\",\"urlTemplate\":\"https:\/\/www.gat-industries.com\/?s={search_term_string}\"},\"query-input\":{\"@type\":\"PropertyValueSpecification\",\"valueRequired\":true,\"valueName\":\"search_term_string\"}}],\"inLanguage\":\"fr-FR\"}]}<\/script>\n<!-- \/ Yoast SEO plugin. -->","yoast_head_json":{"title":"GAT - pi\u00e8ces tourn\u00e9es et frais\u00e9es, prototypes et composants sp\u00e9ciaux","description":"GAT est expert en petites s\u00e9ries (1 \u00e0 5000 pi\u00e8ces par lot), prototypes et composants sp\u00e9ciaux. De nombreuses ann\u00e9es d'exp\u00e9rience dans la fabrication de pi\u00e8ces tourn\u00e9es et frais\u00e9es et notre syst\u00e8me de gestion certifi\u00e9 garantissent la qualit\u00e9 \u00e9lev\u00e9e et constante de nos produits.","robots":{"index":"index","follow":"follow","max-snippet":"max-snippet:-1","max-image-preview":"max-image-preview:large","max-video-preview":"max-video-preview:-1"},"canonical":"https:\/\/www.gat-industries.com\/fr\/","og_locale":"fr_FR","og_type":"article","og_title":"GAT - pi\u00e8ces tourn\u00e9es et frais\u00e9es, prototypes et composants sp\u00e9ciaux","og_description":"GAT est expert en petites s\u00e9ries (1 \u00e0 5000 pi\u00e8ces par lot), prototypes et composants sp\u00e9ciaux. De nombreuses ann\u00e9es d'exp\u00e9rience dans la fabrication de pi\u00e8ces tourn\u00e9es et frais\u00e9es et notre syst\u00e8me de gestion certifi\u00e9 garantissent la qualit\u00e9 \u00e9lev\u00e9e et constante de nos produits.","og_url":"https:\/\/www.gat-industries.com\/fr\/","og_site_name":"GAT","article_modified_time":"2026-02-24T14:01:56+00:00","twitter_card":"summary_large_image","twitter_misc":{"Dur\u00e9e de lecture estim\u00e9e":"2 minutes"},"schema":{"@context":"https:\/\/schema.org","@graph":[{"@type":"WebPage","@id":"https:\/\/www.gat-industries.com\/fr\/","url":"https:\/\/www.gat-industries.com\/fr\/","name":"GAT - pi\u00e8ces tourn\u00e9es et frais\u00e9es, prototypes et composants sp\u00e9ciaux","isPartOf":{"@id":"https:\/\/www.gat-industries.com\/#website"},"datePublished":"2022-02-15T08:33:42+00:00","dateModified":"2026-02-24T14:01:56+00:00","description":"GAT est expert en petites s\u00e9ries (1 \u00e0 5000 pi\u00e8ces par lot), prototypes et composants sp\u00e9ciaux. De nombreuses ann\u00e9es d'exp\u00e9rience dans la fabrication de pi\u00e8ces tourn\u00e9es et frais\u00e9es et notre syst\u00e8me de gestion certifi\u00e9 garantissent la qualit\u00e9 \u00e9lev\u00e9e et constante de nos produits.","breadcrumb":{"@id":"https:\/\/www.gat-industries.com\/fr\/#breadcrumb"},"inLanguage":"fr-FR","potentialAction":[{"@type":"ReadAction","target":["https:\/\/www.gat-industries.com\/fr\/"]}]},{"@type":"BreadcrumbList","@id":"https:\/\/www.gat-industries.com\/fr\/#breadcrumb","itemListElement":[{"@type":"ListItem","position":1,"name":"Startseite","item":"https:\/\/www.gat-industries.com\/fr\/"},{"@type":"ListItem","position":2,"name":"Sous-traitance depuis 2 d\u00e9cennies"}]},{"@type":"WebSite","@id":"https:\/\/www.gat-industries.com\/#website","url":"https:\/\/www.gat-industries.com\/","name":"GAT","description":"Gaertner Automobile Technology","potentialAction":[{"@type":"SearchAction","target":{"@type":"EntryPoint","urlTemplate":"https:\/\/www.gat-industries.com\/?s={search_term_string}"},"query-input":{"@type":"PropertyValueSpecification","valueRequired":true,"valueName":"search_term_string"}}],"inLanguage":"fr-FR"}]}},"_links":{"self":[{"href":"https:\/\/www.gat-industries.com\/fr\/wp-json\/wp\/v2\/pages\/534","targetHints":{"allow":["GET"]}}],"collection":[{"href":"https:\/\/www.gat-industries.com\/fr\/wp-json\/wp\/v2\/pages"}],"about":[{"href":"https:\/\/www.gat-industries.com\/fr\/wp-json\/wp\/v2\/types\/page"}],"author":[{"embeddable":true,"href":"https:\/\/www.gat-industries.com\/fr\/wp-json\/wp\/v2\/users\/1"}],"replies":[{"embeddable":true,"href":"https:\/\/www.gat-industries.com\/fr\/wp-json\/wp\/v2\/comments?post=534"}],"version-history":[{"count":66,"href":"https:\/\/www.gat-industries.com\/fr\/wp-json\/wp\/v2\/pages\/534\/revisions"}],"predecessor-version":[{"id":1204,"href":"https:\/\/www.gat-industries.com\/fr\/wp-json\/wp\/v2\/pages\/534\/revisions\/1204"}],"wp:attachment":[{"href":"https:\/\/www.gat-industries.com\/fr\/wp-json\/wp\/v2\/media?parent=534"}],"curies":[{"name":"wp","href":"https:\/\/api.w.org\/{rel}","templated":true}]}}